{"id":8090,"date":"2025-02-14T15:55:10","date_gmt":"2025-02-14T14:55:10","guid":{"rendered":"https:\/\/biketoursgirona.com\/terms-and-conditions\/"},"modified":"2025-04-17T15:57:17","modified_gmt":"2025-04-17T13:57:17","slug":"terms-and-conditions","status":"publish","type":"page","link":"https:\/\/biketoursgirona.com\/fr\/terms-and-conditions\/","title":{"rendered":"Conditions g\u00e9n\u00e9rales"},"content":{"rendered":"\t\t<div data-elementor-type=\"wp-page\" data-elementor-id=\"8090\" class=\"elementor elementor-8090 elementor-6809\">\n\t\t\t\t<div class=\"elementor-element elementor-element-ad70a50 e-flex e-con-boxed e-con e-parent\" data-id=\"ad70a50\" data-element_type=\"container\">\n\t\t\t\t\t<div class=\"e-con-inner\">\n\t\t\t\t<div class=\"elementor-element elementor-element-82dfc91 elementor-widget elementor-widget-text-editor\" data-id=\"82dfc91\" data-element_type=\"widget\" data-widget_type=\"text-editor.default\">\n\t\t\t\t<div class=\"elementor-widget-container\">\n\t\t\t\t\t\t\t\t\t<p class=\"p1\">Lorsque vous r\u00e9servez une randonn\u00e9e, vous acceptez les conditions g\u00e9n\u00e9rales ci-dessous. Veuillez les lire et nous faire part de vos questions.<\/p><h5 class=\"p1\"><b>ACOMPTE ET PAIEMENTS <\/b><\/h5><p class=\"p1\">Pour r\u00e9server une randonn\u00e9e personnalis\u00e9e ou priv\u00e9e de Bike Tours Girona, vous devez verser un acompte au moment de la r\u00e9servation. Voir notre Politique d\u2019annulation pour en savoir plus.<\/p><h5 class=\"p1\"><b>ASSURANCE VOYAGE <\/b><\/h5><p class=\"p1\">L\u2019assurance voyage n\u2019est pas comprise dans les services de Bike Tours Girona. L\u2019assurance voyage incombe exclusivement au client et doit \u00eatre souscrite avant vos vacances aupr\u00e8s de votre propre prestataire.<\/p><h5 class=\"p1\"><b>CONDITIONS G\u00c9N\u00c9RALES DES RANDONN\u00c9ES <\/b><\/h5><p class=\"p1\">Les parties concluent ce contrat de voyage combin\u00e9, qui est soumis aux conditions particuli\u00e8res suivantes.<\/p><ol class=\"ol1\"><li class=\"li1\"><b>Nom de la randonn\u00e9e<\/b>. Selon les dispositions \u00e9tablies dans les Notes de voyage envoy\u00e9es au client.<\/li><li class=\"li1\"><b>Date de la randonn\u00e9e<\/b>. Selon les dispositions \u00e9tablies dans les Notes de voyage envoy\u00e9es au client.<\/li><li class=\"li1\"><b>Prix<\/b>. Selon les dispositions \u00e9tablies dans les Notes de voyage.<\/li><li class=\"li1\"><b>Lieu de d\u00e9part et de retour.<\/b> Selon les dispositions \u00e9tablies dans les Notes de voyage.<\/li><li class=\"li1\"><b>Lieu, mode et calendrier de paiement.<\/b> Selon les dispositions \u00e9tablies dans les Notes de voyage<\/li><li class=\"li1\"><b>Calendrier.<\/b> Selon les dispositions \u00e9tablies dans les Notes de voyage.<\/li><li class=\"li1\"><b>Itin\u00e9raire et services ant\u00e9rieurs.<\/b> Selon les dispositions \u00e9tablies dans les Notes de voyage.<\/li><li class=\"li1\"><b>H\u00e9bergements et moyens de transport fournis, cat\u00e9gorie, caract\u00e9ristiques et situation.<\/b> Selon les dispositions \u00e9tablies dans les Notes de voyage. Le client reconna\u00eet express\u00e9ment en avoir \u00e9t\u00e9 inform\u00e9 et donne son accord aux cat\u00e9gories, aux caract\u00e9ristiques et \u00e0 la situation de l\u2019h\u00f4tel, et aux moyens de transport qui seront utilis\u00e9s lors du voyage souscrit. L\u2019h\u00f4tel peut varier en fonction de son occupation.<\/li><li class=\"li1\"><b>Nombre minimal de personnes.<\/b> La r\u00e9alisation de ce voyage requiert le nombre minimal de personnes indiqu\u00e9 express\u00e9ment dans les Notes de voyage (en cas d\u2019absence de minimum, cette clause est sans objet). Bike Tours Girona peut annuler le voyage si un nombre minimal de personnes est requis et que ce minimum n\u2019est pas atteint. Voir les Notes de voyage pour conna\u00eetre les conditions sp\u00e9cifiques de votre randonn\u00e9e.<\/li><li class=\"li1\"><b>Ex\u00e9cution de la randonn\u00e9e. <\/b>Bike Tours Girona est responsable de la bonne ex\u00e9cution de tous les services de voyage compris dans le contrat (conform\u00e9ment \u00e0 l\u2019article 161 du projet de loi n\u00ba RD 1\/2007). Bike Tours Girona fournira dans les meilleurs d\u00e9lais une assistance ad\u00e9quate au voyageur qui en a besoin. Bike Tours Girona peut facturer un suppl\u00e9ment raisonnable pour cette assistance si le besoin a \u00e9t\u00e9 caus\u00e9 intentionnellement ou est d\u00fb \u00e0 la n\u00e9gligence du client. Ce suppl\u00e9ment ne d\u00e9passera en aucun cas les co\u00fbts r\u00e9els encourus par Bike Tours Girona. Le client doit informer Bike Tours Girona dans les meilleurs d\u00e9lais de toute non-conformit\u00e9 constat\u00e9e lors de l\u2019ex\u00e9cution d\u2019un service de voyage compris dans le contrat.<\/li><li class=\"li1\"><b>Exigences d\u2019entr\u00e9e pour les clients \u00e9trangers.<\/b> Des visas, des passeports, des frais et autre documentation n\u00e9cessaire peuvent \u00eatre exig\u00e9s, selon les dispositions \u00e9tablies dans les Notes de voyage.<\/li><\/ol><p class=\"p1\">Bike Tours Girona et le client dans ce contrat reconnaissent, comprennent et acceptent les caract\u00e9ristiques particuli\u00e8res et impr\u00e9vues du voyage faisant l\u2019objet de ce contrat.<\/p><ol class=\"ol1\"><li class=\"li1\"><b>R\u00e9clamations.<\/b> En cas de violation dans l\u2019ex\u00e9cution des services, le client est tenu d\u2019avertir Bike Tours Girona, de mani\u00e8re fiable et d\u00e8s que possible, de pr\u00e9f\u00e9rence sur place ou, dans tous les cause, dans les cinq jours suivant la fin du voyage. La p\u00e9riode limite d\u2019action sera \u00e9tablie dans le projet de loi n\u00ba RD 1\/2007 du 16 novembre.<\/li><li class=\"li1\"><b>Responsabilit\u00e9.<\/b> Conform\u00e9ment aux conditions g\u00e9n\u00e9rales et \u00e0 la l\u00e9gislation en vigueur. Le client d\u00e9clare\u00a0: \u00eatre en parfaite sant\u00e9, \u00eatre capable de faire du v\u00e9lo, avoir le contr\u00f4le n\u00e9cessaire de l\u2019\u00e9quipement, et d\u00e9clare avoir les assurances voyage et sant\u00e9 n\u00e9cessaires pour entreprendre des activit\u00e9s cyclistes en Europe. Le client est responsable de tous les dommages de nature mat\u00e9rielle ou personnelle qu\u2019il pourrait subir. Il incombe au client et \u00e0 ses compagnons de respecter les r\u00e8gles de circulation locales et de circuler avec prudence en respectant les pi\u00e9tons et les autres utilisateurs.<\/li><li class=\"li1\"><b>Demandes sp\u00e9ciales.<\/b> Les requ\u00eates sp\u00e9ciales demand\u00e9es par le client et accept\u00e9es par Bike Tours Girona seront d\u00e9taill\u00e9es dans les Notes de voyage.<\/li><li class=\"li1\"><b>Protection des donn\u00e9es.<\/b> Conform\u00e9ment au projet de loi n\u00ba 15\/1999, du 13 d\u00e9cembre, relatif \u00e0 la Protection des donn\u00e9es personnelles, Bike Tours Girona d\u00e9clare que les donn\u00e9es personnelles fournies par les clients seront int\u00e9gr\u00e9es dans les fichiers de gestion, afin de simplifier leur gestion administrative et comptable. De m\u00eame, nous informons le client que ses donn\u00e9es seront communiqu\u00e9es aux prestataires des services souscrits pour proc\u00e9der \u00e0 la r\u00e9servation des billets, de l\u2019h\u00e9bergement et des moyens de transport, etc. dans un but de collecte et de traitement des images, conform\u00e9ment aux dispositions \u00e9tablies dans Conditions g\u00e9n\u00e9rales publi\u00e9es sur le site Web.<\/li><li class=\"li1\"><b>Juridiction.<\/b> Les parties contractantes se soumettent express\u00e9ment \u00e0 la juridiction des Tribunaux de G\u00e9rone pour r\u00e9soudre les divergences ou les r\u00e9clamations pouvant d\u00e9couler de l\u2019interpr\u00e9tation ou de l\u2019ex\u00e9cution du contrat de la randonn\u00e9e et de ces conditions g\u00e9n\u00e9rales, et renoncent \u00e0 leurs propres tribunaux s\u2019ils sont diff\u00e9rents.<\/li><li class=\"li1\"><b>Transfert de la r\u00e9servation. <\/b>Le client principal peut librement attribuer la r\u00e9servation de la randonn\u00e9e \u00e0 une personne remplissant les conditions requises. Le transfert doit \u00eatre communiqu\u00e9 par \u00e9crit \u00e0 Bike Tours Girona au moins 15 jours avant le d\u00e9but du voyage.<\/li><li class=\"li1\"><b>Responsabilit\u00e9 du client principal.<\/b> Lorsque le client principal signe au nom d\u2019autres personnes de la randonn\u00e9e, il d\u00e9clare que l\u2019autre client de sa r\u00e9servation et lui-m\u00eame ont lu et compris le contrat et le prospectus.<\/li><\/ol>\t\t\t\t\t\t\t\t<\/div>\n\t\t\t\t<\/div>\n\t\t\t\t<div class=\"elementor-element elementor-element-6cc4651 elementor-widget elementor-widget-text-editor\" data-id=\"6cc4651\" data-element_type=\"widget\" id=\"cancellations\" data-widget_type=\"text-editor.default\">\n\t\t\t\t<div class=\"elementor-widget-container\">\n\t\t\t\t\t\t\t\t\t<h4 class=\"p1\"><b>ANNULATIONS<\/b><\/h4><p class=\"p1\">R\u00e9servez votre randonn\u00e9e cycliste en toute confiance. Notre politique d\u2019annulation est flexible. Jetez un coup d\u2019\u0153il ci-dessous \u00e0 notre calendrier de remboursement et de cr\u00e9dit de randonn\u00e9e, et faites nous part de vos questions.<\/p><p class=\"p1\">R\u00e9servez en toute confiance gr\u00e2ce \u00e0 notre calendrier de remboursement et d\u2019annulation. Tout cr\u00e9dit sur votre compte est valable 24 mois \u00e0 compter de la date d\u2019\u00e9mission.<\/p><p class=\"p1\">Si une randonn\u00e9e programm\u00e9e n\u2019atteint pas la taille minimale de groupe de 4 personnes, nous nous r\u00e9servons le droit de l\u2019annuler.<\/p><table class=\"table-cancellation\"><tbody><tr><th><p class=\"p1\"><b>JOURS AVANT LE D\u00c9PART<\/b><\/p><\/th><th><p class=\"p1\"><b>FRAIS D\u2019ANNULATION<\/b><\/p><\/th><th><p class=\"p1\"><b>CR\u00c9DIT DE LA FUTURE RANDONN\u00c9E<\/b><\/p><\/th><\/tr><tr><td><p class=\"p1\">Plus de 90 jours<\/p><\/td><td><p class=\"p1\">Sans frais<\/p><\/td><td><p class=\"p1\">100\u00a0% de l\u2019acompte<\/p><\/td><\/tr><tr><td><p class=\"p1\">61 \u2013 90 jours<\/p><\/td><td><p class=\"p1\">50\u00a0% du prix de la randonn\u00e9e<\/p><\/td><td><p class=\"p1\">50 % de l\u2019acompte<\/p><\/td><\/tr><tr><td>31 &#8211; 60 jours<\/td><td><p class=\"p1\">75 % du prix de la randonn\u00e9e<\/p><\/td><td><p class=\"p1\">75 % de l\u2019acompte<\/p><\/td><\/tr><tr><td>0 &#8211; 30 jours<\/td><td><p class=\"p1\">100 % du prix de la randonn\u00e9e<\/p><\/td><td><p class=\"p1\">100\u00a0% de l\u2019acompte<\/p><\/td><\/tr><\/tbody><\/table>\t\t\t\t\t\t\t\t<\/div>\n\t\t\t\t<\/div>\n\t\t\t\t\t<\/div>\n\t\t\t\t<\/div>\n\t\t\t\t<\/div>\n\t\t","protected":false},"excerpt":{"rendered":"<p>Lorsque vous r\u00e9servez une randonn\u00e9e, vous acceptez les conditions g\u00e9n\u00e9rales ci-dessous. Veuillez les lire et nous faire part de vos questions. ACOMPTE ET PAIEMENTS Pour r\u00e9server une randonn\u00e9e personnalis\u00e9e ou priv\u00e9e de Bike Tours Girona, vous devez verser un acompte au moment de la r\u00e9servation. Voir notre Politique d\u2019annulation pour en savoir plus. ASSURANCE VOYAGE [&hellip;]<\/p>\n","protected":false},"author":1,"featured_media":0,"parent":0,"menu_order":0,"comment_status":"closed","ping_status":"closed","template":"template-homepage.php","meta":{"footnotes":""},"class_list":["post-8090","page","type-page","status-publish","hentry"],"yoast_head":"<!-- This site is optimized with the Yoast SEO plugin v26.7 - https:\/\/yoast.com\/wordpress\/plugins\/seo\/ -->\n<title>Conditions g\u00e9n\u00e9rales - Bike Tours Girona<\/title>\n<meta name=\"robots\" content=\"index, follow, max-snippet:-1, max-image-preview:large, max-video-preview:-1\" \/>\n<link rel=\"canonical\" href=\"https:\/\/biketoursgirona.com\/fr\/terms-and-conditions\/\" \/>\n<meta property=\"og:locale\" content=\"fr_FR\" \/>\n<meta property=\"og:type\" content=\"article\" \/>\n<meta property=\"og:title\" content=\"Conditions g\u00e9n\u00e9rales - Bike Tours Girona\" \/>\n<meta property=\"og:description\" content=\"Lorsque vous r\u00e9servez une randonn\u00e9e, vous acceptez les conditions g\u00e9n\u00e9rales ci-dessous. Veuillez les lire et nous faire part de vos questions. ACOMPTE ET PAIEMENTS Pour r\u00e9server une randonn\u00e9e personnalis\u00e9e ou priv\u00e9e de Bike Tours Girona, vous devez verser un acompte au moment de la r\u00e9servation. Voir notre Politique d\u2019annulation pour en savoir plus. ASSURANCE VOYAGE [&hellip;]\" \/>\n<meta property=\"og:url\" content=\"https:\/\/biketoursgirona.com\/fr\/terms-and-conditions\/\" \/>\n<meta property=\"og:site_name\" content=\"Bike Tours Girona\" \/>\n<meta property=\"article:modified_time\" content=\"2025-04-17T13:57:17+00:00\" \/>\n<meta name=\"twitter:card\" content=\"summary_large_image\" \/>\n<meta name=\"twitter:label1\" content=\"Dur\u00e9e de lecture estim\u00e9e\" \/>\n\t<meta name=\"twitter:data1\" content=\"6 minutes\" \/>\n<script type=\"application\/ld+json\" class=\"yoast-schema-graph\">{\"@context\":\"https:\/\/schema.org\",\"@graph\":[{\"@type\":\"WebPage\",\"@id\":\"https:\/\/biketoursgirona.com\/fr\/terms-and-conditions\/\",\"url\":\"https:\/\/biketoursgirona.com\/fr\/terms-and-conditions\/\",\"name\":\"Conditions g\u00e9n\u00e9rales - Bike Tours Girona\",\"isPartOf\":{\"@id\":\"https:\/\/biketoursgirona.com\/#website\"},\"datePublished\":\"2025-02-14T14:55:10+00:00\",\"dateModified\":\"2025-04-17T13:57:17+00:00\",\"breadcrumb\":{\"@id\":\"https:\/\/biketoursgirona.com\/fr\/terms-and-conditions\/#breadcrumb\"},\"inLanguage\":\"fr-FR\",\"potentialAction\":[{\"@type\":\"ReadAction\",\"target\":[\"https:\/\/biketoursgirona.com\/fr\/terms-and-conditions\/\"]}]},{\"@type\":\"BreadcrumbList\",\"@id\":\"https:\/\/biketoursgirona.com\/fr\/terms-and-conditions\/#breadcrumb\",\"itemListElement\":[{\"@type\":\"ListItem\",\"position\":1,\"name\":\"Home\",\"item\":\"https:\/\/biketoursgirona.com\/fr\/\"},{\"@type\":\"ListItem\",\"position\":2,\"name\":\"Conditions g\u00e9n\u00e9rales\"}]},{\"@type\":\"WebSite\",\"@id\":\"https:\/\/biketoursgirona.com\/#website\",\"url\":\"https:\/\/biketoursgirona.com\/\",\"name\":\"Bike Tours Girona\",\"description\":\"Explore the best bike tours in Girona\",\"publisher\":{\"@id\":\"https:\/\/biketoursgirona.com\/#organization\"},\"potentialAction\":[{\"@type\":\"SearchAction\",\"target\":{\"@type\":\"EntryPoint\",\"urlTemplate\":\"https:\/\/biketoursgirona.com\/?s={search_term_string}\"},\"query-input\":{\"@type\":\"PropertyValueSpecification\",\"valueRequired\":true,\"valueName\":\"search_term_string\"}}],\"inLanguage\":\"fr-FR\"},{\"@type\":\"Organization\",\"@id\":\"https:\/\/biketoursgirona.com\/#organization\",\"name\":\"Bike Tours Girona\",\"url\":\"https:\/\/biketoursgirona.com\/\",\"logo\":{\"@type\":\"ImageObject\",\"inLanguage\":\"fr-FR\",\"@id\":\"https:\/\/biketoursgirona.com\/#\/schema\/logo\/image\/\",\"url\":\"https:\/\/biketoursgirona.com\/wp-content\/uploads\/2025\/02\/logo-color.svg\",\"contentUrl\":\"https:\/\/biketoursgirona.com\/wp-content\/uploads\/2025\/02\/logo-color.svg\",\"caption\":\"Bike Tours Girona\"},\"image\":{\"@id\":\"https:\/\/biketoursgirona.com\/#\/schema\/logo\/image\/\"}}]}<\/script>\n<!-- \/ Yoast SEO plugin. -->","yoast_head_json":{"title":"Conditions g\u00e9n\u00e9rales - Bike Tours Girona","robots":{"index":"index","follow":"follow","max-snippet":"max-snippet:-1","max-image-preview":"max-image-preview:large","max-video-preview":"max-video-preview:-1"},"canonical":"https:\/\/biketoursgirona.com\/fr\/terms-and-conditions\/","og_locale":"fr_FR","og_type":"article","og_title":"Conditions g\u00e9n\u00e9rales - Bike Tours Girona","og_description":"Lorsque vous r\u00e9servez une randonn\u00e9e, vous acceptez les conditions g\u00e9n\u00e9rales ci-dessous. Veuillez les lire et nous faire part de vos questions. ACOMPTE ET PAIEMENTS Pour r\u00e9server une randonn\u00e9e personnalis\u00e9e ou priv\u00e9e de Bike Tours Girona, vous devez verser un acompte au moment de la r\u00e9servation. Voir notre Politique d\u2019annulation pour en savoir plus. ASSURANCE VOYAGE [&hellip;]","og_url":"https:\/\/biketoursgirona.com\/fr\/terms-and-conditions\/","og_site_name":"Bike Tours Girona","article_modified_time":"2025-04-17T13:57:17+00:00","twitter_card":"summary_large_image","twitter_misc":{"Dur\u00e9e de lecture estim\u00e9e":"6 minutes"},"schema":{"@context":"https:\/\/schema.org","@graph":[{"@type":"WebPage","@id":"https:\/\/biketoursgirona.com\/fr\/terms-and-conditions\/","url":"https:\/\/biketoursgirona.com\/fr\/terms-and-conditions\/","name":"Conditions g\u00e9n\u00e9rales - Bike Tours Girona","isPartOf":{"@id":"https:\/\/biketoursgirona.com\/#website"},"datePublished":"2025-02-14T14:55:10+00:00","dateModified":"2025-04-17T13:57:17+00:00","breadcrumb":{"@id":"https:\/\/biketoursgirona.com\/fr\/terms-and-conditions\/#breadcrumb"},"inLanguage":"fr-FR","potentialAction":[{"@type":"ReadAction","target":["https:\/\/biketoursgirona.com\/fr\/terms-and-conditions\/"]}]},{"@type":"BreadcrumbList","@id":"https:\/\/biketoursgirona.com\/fr\/terms-and-conditions\/#breadcrumb","itemListElement":[{"@type":"ListItem","position":1,"name":"Home","item":"https:\/\/biketoursgirona.com\/fr\/"},{"@type":"ListItem","position":2,"name":"Conditions g\u00e9n\u00e9rales"}]},{"@type":"WebSite","@id":"https:\/\/biketoursgirona.com\/#website","url":"https:\/\/biketoursgirona.com\/","name":"Bike Tours Girona","description":"Explore the best bike tours in Girona","publisher":{"@id":"https:\/\/biketoursgirona.com\/#organization"},"potentialAction":[{"@type":"SearchAction","target":{"@type":"EntryPoint","urlTemplate":"https:\/\/biketoursgirona.com\/?s={search_term_string}"},"query-input":{"@type":"PropertyValueSpecification","valueRequired":true,"valueName":"search_term_string"}}],"inLanguage":"fr-FR"},{"@type":"Organization","@id":"https:\/\/biketoursgirona.com\/#organization","name":"Bike Tours Girona","url":"https:\/\/biketoursgirona.com\/","logo":{"@type":"ImageObject","inLanguage":"fr-FR","@id":"https:\/\/biketoursgirona.com\/#\/schema\/logo\/image\/","url":"https:\/\/biketoursgirona.com\/wp-content\/uploads\/2025\/02\/logo-color.svg","contentUrl":"https:\/\/biketoursgirona.com\/wp-content\/uploads\/2025\/02\/logo-color.svg","caption":"Bike Tours Girona"},"image":{"@id":"https:\/\/biketoursgirona.com\/#\/schema\/logo\/image\/"}}]}},"_links":{"self":[{"href":"https:\/\/biketoursgirona.com\/fr\/wp-json\/wp\/v2\/pages\/8090","targetHints":{"allow":["GET"]}}],"collection":[{"href":"https:\/\/biketoursgirona.com\/fr\/wp-json\/wp\/v2\/pages"}],"about":[{"href":"https:\/\/biketoursgirona.com\/fr\/wp-json\/wp\/v2\/types\/page"}],"author":[{"embeddable":true,"href":"https:\/\/biketoursgirona.com\/fr\/wp-json\/wp\/v2\/users\/1"}],"replies":[{"embeddable":true,"href":"https:\/\/biketoursgirona.com\/fr\/wp-json\/wp\/v2\/comments?post=8090"}],"version-history":[{"count":0,"href":"https:\/\/biketoursgirona.com\/fr\/wp-json\/wp\/v2\/pages\/8090\/revisions"}],"wp:attachment":[{"href":"https:\/\/biketoursgirona.com\/fr\/wp-json\/wp\/v2\/media?parent=8090"}],"curies":[{"name":"wp","href":"https:\/\/api.w.org\/{rel}","templated":true}]}}